{"id":541,"date":"2020-02-13T10:36:34","date_gmt":"2020-02-13T10:36:34","guid":{"rendered":"http:\/\/diffmatrix.uni-jena.de\/?page_id=541"},"modified":"2022-03-29T09:26:29","modified_gmt":"2022-03-29T09:26:29","slug":"literatur-und-quellen","status":"publish","type":"page","link":"https:\/\/diffmatrix.uni-jena.de\/?page_id=541","title":{"rendered":"Literatur und Quellen"},"content":{"rendered":"\n<h4>Zielgruppe f\u00fcr die hier zusammengestellte Literatur sind wissenschaftlich Interessierte, die sich dar\u00fcber informieren m\u00f6chten, welche Theorien und empirischen Befunde der Entwicklung der Digitalen Differenzierungsmatrix zugrunde liegen.<\/h4>\n\n\n\n<p>In einer eigenen Studie haben wir den Einsatz von Differenzierungsmatrizen in einer Vorlesung f\u00fcr Lehramtsstudierende untersucht. Die Ergebnisse sind hier ver\u00f6ffentlicht:<\/p>\n\n\n\n<p>Dietrich, J., Greiner, F., Weber-Liel, D., Berweger, B., K\u00e4mpfe, N., &amp; Kracke, B. (2021). <a href=\"https:\/\/authors.elsevier.com\/a\/1cznz2f%7EUWF2JG\" target=\"_blank\" rel=\"noreferrer noopener\">Does an individualized learning design improve university student online learning? A randomized field experiment.<\/a> <em>Computers in Human Behavior, 122, <\/em>106819. Preprint verf\u00fcgbar auf <a href=\"https:\/\/psyarxiv.com\/hkq7m\/\" target=\"_blank\" rel=\"noreferrer noopener\">https:\/\/psyarxiv.com\/hkq7m\/<\/a>.<\/p>\n\n\n<p><!-- \/wp:paragraph --><\/p>\n<p><!-- wp:group --><\/p>\n<div class=\"wp-block-group\">\n<div class=\"wp-block-group__inner-container\"><!-- wp:heading -->\n<h2><strong>Designprinzipien der Lernumgebung<\/strong><\/h2>\n<p><!-- \/wp:heading --><\/p>\n<p><!-- wp:heading {\"level\":4} --><\/p>\n<h4>Kognition<\/h4>\n<p><!-- \/wp:heading --><\/p>\n<p><!-- wp:paragraph --><\/p>\n<p><em><strong>Anwendbares Wissen aufbauen<\/strong><\/em><br \/>Renkl, A. (1996). Tr\u00e4ges Wissen: wenn Erlerntes nicht genutzt wird. <em>Psychologische Rundschau<\/em>, <em>47<\/em>(2), 78\u201392.<\/p>\n<p><!-- \/wp:paragraph --><\/p>\n<p><!-- wp:paragraph --><\/p>\n<p><em><strong>\u00dcberlastung des Arbeitsged\u00e4chtnisses vermeiden<\/strong><\/em><br \/>Van Merri\u00ebnboer, J., &amp; Sweller, J. (2005). Cognitive load theory and complex learning: recent developments and future directions. <em>Educational Psychology Review, 17<\/em>(2)<em>, <\/em>147\u2013177.<\/p>\n<p><!-- \/wp:paragraph --><\/p>\n<p><!-- wp:paragraph --><\/p>\n<p><em><strong>Testing Effect <\/strong><\/em><br \/>Rowland, C. A. (2014). The effect of testing versus restudy on retention: A meta-analytic review of the testing effect.\u00a0<em>Psychological Bulletin, 140<\/em>(6), 1432\u20131463.<\/p>\n<p><!-- \/wp:paragraph --><\/p>\n<p><!-- wp:paragraph --><\/p>\n<p><em><strong>Feedbackeffekte <\/strong><\/em><br \/>Hattie, J. (2014). Lernen sichtbar machen f\u00fcr Lehrpersonen. Hohengehren: Schneider Verlag.<\/p>\n<p><!-- \/wp:paragraph --><\/p>\n<p><!-- wp:paragraph --><\/p>\n<p><em><strong>Selbstreguliertes Lernen<\/strong><\/em><br \/>Raaijmakers, S.F., Baars, M., Schaap, L. et al. (2018). Training self-regulated learning skills with video modeling examples: Do task-selection skills transfer? Instructional Science, 46, 273\u2013290.<\/p>\n<p><!-- \/wp:paragraph --><\/p>\n<p><!-- wp:heading {\"level\":4} --><\/p>\n<h4>Motivation<\/h4>\n<p><!-- \/wp:heading --><\/p>\n<p><!-- wp:paragraph --><\/p>\n<p><em><strong>Autonomie und Kompetenzerleben <\/strong><\/em><br \/>Ryan, R. &amp; Deci, E. (2009). Facilitating and hindering motivation, learning, and well-being in schools. Research and observations from self-determination theory. In K. Wentzel &amp; D. Miele (Hrsg.), <em>Handbook of motivation at school<\/em> (2. Aufl., S. 96-119). New York: Routledge.<\/p>\n<p><!-- \/wp:paragraph --><\/p>\n<p><!-- wp:paragraph --><\/p>\n<p><em><strong>Wert des Lerngegenstands oder der Lernhandlung (z.B. N\u00fctzlichkeit)<\/strong><\/em><br \/>Gaspard, H., Dicke, A.-L., Flunger, B., Brisson, B. M., H\u00e4fner, I., Nagengast, B., &amp; Trautwein, U. (2015). Fostering adolescents\u2019 value beliefs for mathematics with a relevance intervention in the classroom. <em>Developmental Psychology, 51<\/em>(9), 1226-1240.<\/p>\n<p><!-- \/wp:paragraph --><\/p>\n<p><!-- wp:heading {\"level\":4} --><\/p>\n<h4>Professionalisierung von Lehramtsstudierenden<\/h4>\n<p><!-- \/wp:heading --><\/p>\n<p><!-- wp:paragraph --><\/p>\n<p>Wahl, D. (2002). Mit Training vom tr\u00e4gen Wissen zum kompetenten Handeln? <em>Zeitschrift f\u00fcr P\u00e4dagogik, 48<\/em>(2), 227-241.<\/p>\n<p><!-- \/wp:paragraph --><\/p>\n<\/div>\n<\/div>\n<p><!-- \/wp:group --><\/p>\n<p><!-- wp:heading --><\/p>\n<h2><strong>Individualisierung in Schule und Hochschule<\/strong><\/h2>\n<p><!-- \/wp:heading --><\/p>\n<p><!-- wp:heading {\"level\":4} --><\/p>\n<h4>Individualisiertes\/Personalisiertes Lernen<\/h4>\n<p><!-- \/wp:heading --><\/p>\n<p><!-- wp:paragraph --><\/p>\n<p>Dumont, H. (2019). Neuer Schlauch f\u00fcr alten Wein? Eine konzeptuelle Betrachtung von individueller F\u00f6rderung im Unterricht. <em>Zeitschrift f\u00fcr Erziehungswissenschaft<\/em>, <em>22<\/em>(2), 249\u2013277.<\/p>\n<p><!-- \/wp:paragraph --><\/p>\n<p><!-- wp:paragraph --><\/p>\n<p>Klieme, E. &amp; Warwas, J. (2011). Konzepte der individuellen F\u00f6rderung. <em>Zeitschrift f\u00fcr P\u00e4dagogik<\/em>, <em>57<\/em>(6), 805-818.<\/p>\n<p><!-- \/wp:paragraph --><\/p>\n<p><!-- wp:heading {\"level\":4} --><\/p>\n<h4>Differenzierungsmatrizen in der Hochschule<\/h4>\n<p><!-- \/wp:heading --><\/p>\n<p><!-- wp:paragraph --><\/p>\n<p>Greiner, F.\u00a0&amp; Kracke, B. (2018). <a href=\"https:\/\/www.zfhe.at\/index.php\/zfhe\/article\/view\/1111\/815\">Heterogenit\u00e4tssensible Hochschullehre \u2013 Einsatz einer Differenzierungsmatrix.<\/a> <em>Zeitschrift f\u00fcr Hochschulentwicklung<\/em>, <em>13<\/em>(1), 69\u201383.<\/p>\n<p><!-- \/wp:paragraph --><\/p>\n<p><!-- wp:paragraph --><\/p>\n<p>Greiner, F., K\u00e4mpfe, N., Weber-Liel, D., Kracke, B., &amp;Dietrich, J. (2019). <a href=\"https:\/\/www.zfhe.at\/index.php\/zfhe\/article\/view\/1259\" target=\"_blank\" rel=\"noreferrer noopener\">Flexibles Lernen in der Hochschule mit Digitalen Differenzierungsmatrizen.<\/a> <em>Zeitschrift f\u00fcr Hochschulentwicklung, 14, <\/em>287-302.<\/p>\n<p><!-- \/wp:paragraph --><\/p>\n<p><!-- wp:heading {\"level\":4} --><\/p>\n<h4>Differenzierungsmatrizen in der Schule<\/h4>\n<p><!-- \/wp:heading --><\/p>\n<p><!-- wp:paragraph --><\/p>\n<p>Kutzer, R. (1999\/2002). <em>Mathematik entdecken und verstehen. Kommentarband 2. <\/em>H\u00fcnfeld: Lydia<br \/>Kutzer Verlag.<\/p>\n<p><!-- \/wp:paragraph --><\/p>\n<p><!-- wp:paragraph --><\/p>\n<p>Sasse, A. (2014). Unterrichtsvorbereitung und Leistungseinsch\u00e4tzung im Gemeinsamen Unterricht. In S. Peters &amp; U. Widmer-Rockstroh (Hrsg.), <em>Gemeinsam unterwegs zur inklusiven Schule <\/em>(S. 118-137). Frankfurt am Main: Grundschulverband.<\/p>\n<p><!-- \/wp:paragraph --><\/p>\n<p><!-- wp:heading --><\/p>\n<h2><strong>Aufgabenkonstruktion<\/strong><\/h2>\n<p><!-- \/wp:heading --><\/p>\n<p><!-- wp:heading {\"level\":4} --><\/p>\n<h4>Aufgabenkonstruktion<\/h4>\n<p>Lindner, M. A., Sparfeldt, J. R., K\u00f6ller, O., Lukas, J., &amp; Leutner, D. (2021). <a href=\"https:\/\/econtent.hogrefe.com\/doi\/abs\/10.1026\/0033-3042\/a000524\">Ein Pl\u00e4doyer zur Qualit\u00e4tssicherung schriftlicher Pr\u00fcfungen im Psychologiestudium.<\/a> <i>Psychologische Rundschau<\/i>, <i>72<\/i>(2), 93\u2013105. https:\/\/doi.org\/10.1026\/0033-3042\/a000524\u200c<\/p>\n<p><!-- \/wp:heading --><\/p>\n<p><!-- wp:paragraph --><\/p>\n<p>Niegemann, H., Domagk, S., Hessel, S., Hein, A., Hupfer, M. &amp; Zobel, A. (2008). Design von \u00dcbungs-und Testaufgaben. In H. Niegemann, S. Domagk, S. Hessel, A. Hein, M. Hupfer &amp; A. Zobel (Hrsg.), Kompendium multimediales Lernen (S. 311-325). Heidelberg: Springer.<\/p>\n<p>Renkl, A. (2014). Lernaufgaben zum Erwerb prinzipienbasierter Fertigkeiten: Lernende nicht nur aktivieren, sondern aufs Wesentliche fokussieren. In B. Ralle, S. Prediger, M. Hammann, &amp; M. Rothgangel (Eds.). Lernaufgaben entwickeln, bearbeiten und \u00fcberpr\u00fcfen. Ergebnisse und Perspektiven fachdidaktischer Forschung (pp. 12-22). M\u00fcnster: Waxmann.<\/p>\n<p>Wildt, J. (2007). On the way from teaching to learning by competences as learning outcomes.<br \/>In A. Pausits &amp; A. Pellert (Hrsg.), Higher Education Management and Development in<br \/>Central, Southern and Eastern Europe (S. 115\u2013123). M\u00fcnster: Waxmann.<\/p>\n<p><!-- \/wp:paragraph --><\/p>\n<p><!-- wp:paragraph --><\/p>\n<p><!-- \/wp:paragraph --><\/p>\n<p><!-- wp:paragraph --><\/p>\n<p><!-- \/wp:paragraph --><\/p>\n<p><!-- wp:heading {\"level\":4} --><\/p>\n<h4>Kognitive Komplexit\u00e4t<\/h4>\n<p><!-- \/wp:heading --><\/p>\n<p><!-- wp:paragraph --><\/p>\n<p>Anderson, L.W., Krathwohl, D.R., Airasian, P.W., Cruikshank, K.A., Mayer, R.E., Pintrich, P.R., Raths, J., &amp; Wittrock, M.C. (2013). <em>A Taxonomy for Learning, Teaching, and Assessing:<\/em><em> Pearson New International Edition:<\/em><em> A Revision of Bloom\u2019s Taxonomy of Educational Objectives<\/em>, Abridged Edition. London: Pearson.<\/p>\n<p><!-- \/wp:paragraph --><\/p>\n<p><!-- wp:heading {\"level\":4} --><\/p>\n<h4>Thematische Komplexit\u00e4t<\/h4>\n<p><!-- \/wp:heading --><\/p>\n<p><!-- wp:paragraph --><\/p>\n<p>K\u00f6rndle, H., Narciss, S. &amp; Proske, A. (2004). Konstruktion interaktiver Lernaufgaben f\u00fcr die universit\u00e4re Lehre. In D. Carstensen &amp; B. Barrios (Hrsg.), Campus 2004. <em>Kommen die digitalen Medien an den Hochschulen in die Jahre? <\/em>(S. 57\u201367). M\u00fcnster: Waxmann.<\/p>\n<p><!-- \/wp:paragraph --><\/p>\n<p><!-- wp:paragraph --><\/p>\n<p>\u00a0<\/p>\n<p><!-- \/wp:paragraph --><\/p>","protected":false},"excerpt":{"rendered":"<p>Zielgruppe f\u00fcr die hier zusammengestellte Literatur sind wissenschaftlich Interessierte, die sich dar\u00fcber informieren m\u00f6chten, welche Theorien und empirischen Befunde der Entwicklung der Digitalen Differenzierungsmatrix zugrunde liegen. In einer eigenen Studie haben wir den Einsatz von Differenzierungsmatrizen in einer Vorlesung f\u00fcr Lehramtsstudierende untersucht. Die Ergebnisse sind hier ver\u00f6ffentlicht: Dietrich, J., Greiner, F., Weber-Liel, D., Berweger, B., [&hellip;]<\/p>\n","protected":false},"author":1,"featured_media":0,"parent":0,"menu_order":0,"comment_status":"closed","ping_status":"closed","template":"","meta":[],"_links":{"self":[{"href":"https:\/\/diffmatrix.uni-jena.de\/index.php?rest_route=\/wp\/v2\/pages\/541"}],"collection":[{"href":"https:\/\/diffmatrix.uni-jena.de\/index.php?rest_route=\/wp\/v2\/pages"}],"about":[{"href":"https:\/\/diffmatrix.uni-jena.de\/index.php?rest_route=\/wp\/v2\/types\/page"}],"author":[{"embeddable":true,"href":"https:\/\/diffmatrix.uni-jena.de\/index.php?rest_route=\/wp\/v2\/users\/1"}],"replies":[{"embeddable":true,"href":"https:\/\/diffmatrix.uni-jena.de\/index.php?rest_route=%2Fwp%2Fv2%2Fcomments&post=541"}],"version-history":[{"count":19,"href":"https:\/\/diffmatrix.uni-jena.de\/index.php?rest_route=\/wp\/v2\/pages\/541\/revisions"}],"predecessor-version":[{"id":879,"href":"https:\/\/diffmatrix.uni-jena.de\/index.php?rest_route=\/wp\/v2\/pages\/541\/revisions\/879"}],"wp:attachment":[{"href":"https:\/\/diffmatrix.uni-jena.de\/index.php?rest_route=%2Fwp%2Fv2%2Fmedia&parent=541"}],"curies":[{"name":"wp","href":"https:\/\/api.w.org\/{rel}","templated":true}]}}