{"id":5,"date":"2019-09-03T17:00:15","date_gmt":"2019-09-03T17:00:15","guid":{"rendered":"http:\/\/diffmatrix.uni-jena.de\/?page_id=5"},"modified":"2021-05-10T20:43:03","modified_gmt":"2021-05-10T20:43:03","slug":"was","status":"publish","type":"page","link":"https:\/\/diffmatrix.uni-jena.de\/?page_id=5","title":{"rendered":"Was ist das?"},"content":{"rendered":"\n<div class=\"wp-block-cover\"><img loading=\"lazy\" width=\"800\" height=\"500\" class=\"wp-block-cover__image-background wp-image-337\" alt=\"\" src=\"http:\/\/diffmatrix.uni-jena.de\/wp-content\/uploads\/2019\/09\/A691B7D3-BFF5-4E68-A03E-16DD44859122-1.jpg\" style=\"object-position:17% 90%\" data-object-fit=\"cover\" data-object-position=\"17% 90%\" srcset=\"https:\/\/diffmatrix.uni-jena.de\/wp-content\/uploads\/2019\/09\/A691B7D3-BFF5-4E68-A03E-16DD44859122-1.jpg 800w, https:\/\/diffmatrix.uni-jena.de\/wp-content\/uploads\/2019\/09\/A691B7D3-BFF5-4E68-A03E-16DD44859122-1-300x188.jpg 300w, https:\/\/diffmatrix.uni-jena.de\/wp-content\/uploads\/2019\/09\/A691B7D3-BFF5-4E68-A03E-16DD44859122-1-768x480.jpg 768w, https:\/\/diffmatrix.uni-jena.de\/wp-content\/uploads\/2019\/09\/A691B7D3-BFF5-4E68-A03E-16DD44859122-1-400x250.jpg 400w\" sizes=\"(max-width: 800px) 100vw, 800px\" \/><div class=\"wp-block-cover__inner-container\">\n<p class=\"has-text-align-center has-large-font-size\"><\/p>\n<\/div><\/div>\n\n\n\n<h4>Die Digitale Differenzierungsmatrix ist ein didaktisches Tool f\u00fcr die online-gest\u00fctzte Lehre mit der Lernplattform Moodle.<\/h4>\n\n\n\n<h2 class=\"has-text-align-left\">Zielstellung<\/h2>\n\n\n\n<div class=\"wp-block-group\"><div class=\"wp-block-group__inner-container\">\n<h4>Der Einsatz einer Digitalen Differenzierungsmatrix ist grunds\u00e4tzlich in allen F\u00e4chern bzw. Disziplinen m\u00f6glich und kann verschiedene p\u00e4dagogische Ziele adressieren.<\/h4>\n\n\n\n<ul><li>Mit Digitalen Differenzierungsmatrizen kann Hochschullehre  binnendifferenziert gestaltet werden, um eine bessere Passung zwischen Lernangebot und Lernvoraussetzungen der  Studierenden zu erzielen. <\/li><li>Studierenden wird eine individuelle Inhaltsvertiefung und eine individuelle Lerndiagnostik erm\u00f6glicht: Sie k\u00f6nnen in einer strukturierten Lernumgebung selbstgesteuert sowie r\u00e4umlich und zeitlich flexibel lernen und werden f\u00fcr die Struktur eines Wissensgebietes sensibilisiert.<\/li><li>Digitale Differenzierungsmatrizen erm\u00f6glichen Lehrenden das adaptive Unterrichten (<a href=\"http:\/\/diffmatrix.uni-jena.de\/?page_id=541\">Klieme &amp; Warwas, 2011<\/a>): Lehrende k\u00f6nnen Informationen \u00fcber die Lernentwicklung der Studierenden erhalten und diese f\u00fcr die lerngruppenorientierte Ausrichtung ihrer Lehre nutzen.<\/li><li>Die Studierenden k\u00f6nnen sowohl ihr Vorwissen (re-)aktivieren als auch \u00fcberpr\u00fcfen und erweitern.<\/li><\/ul>\n<\/div><\/div>\n\n\n\n<div class=\"wp-block-group\"><div class=\"wp-block-group__inner-container\">\n<h4>F\u00fcr die Zielgruppe der Lehramtsstudierenden k\u00f6nnen dar\u00fcber hinaus Professionalisierungsziele in den Bereichen \u201cUmgang mit Heterogenit\u00e4t und Inklusion\u201d sowie \u201cDigitalisierung\u201d verfolgt werden.<\/h4>\n\n\n\n<ul><li>Wenn Studierende mit jenen Methoden unterrichtet werden, die sie sp\u00e4ter als Lehrende einsetzen k\u00f6nnen bzw. sollen, ist dies eine wirksame praktische \u00dcbung zur Gestaltung eines Lehr-Lern-Designs (<a href=\"http:\/\/diffmatrix.uni-jena.de\/?page_id=541\">Wahl, 2002<\/a>).<\/li><\/ul>\n<\/div><\/div>\n\n\n\n<div class=\"wp-block-columns has-2-columns\">\n<div class=\"wp-block-column\">\n<div class=\"wp-block-button\"><a class=\"wp-block-button__link\" href=\"http:\/\/diffmatrix.uni-jena.de\/?page_id=257\">Aufbau &amp; Struktur<\/a><\/div>\n\n\n\n<p class=\"has-text-color\" style=\"color:#758fab\"><a href=\"http:\/\/diffmatrix.uni-jena.de\/?page_id=257\">Mehr \u00fcber die grundlegende Idee einer Differenzierungsmatrix erfahren&#8230;<\/a><\/p>\n<\/div>\n\n\n\n<div class=\"wp-block-column\">\n<div class=\"wp-block-button\"><a class=\"wp-block-button__link\" href=\"http:\/\/diffmatrix.uni-jena.de\/?page_id=260\">Aufgaben<\/a><\/div>\n\n\n\n<p class=\"has-text-color\" style=\"color:#758fab\"><a href=\"http:\/\/diffmatrix.uni-jena.de\/?page_id=260\">Mehr dar\u00fcber erfahren, wie Materialien und Aufgaben f\u00fcr eine Differenzierungsmatrix konstruiert werden k\u00f6nnen&#8230;<\/a><\/p>\n<\/div>\n<\/div>\n","protected":false},"excerpt":{"rendered":"<p>Die Digitale Differenzierungsmatrix ist ein didaktisches Tool f\u00fcr die online-gest\u00fctzte Lehre mit der Lernplattform Moodle. Zielstellung Mehr \u00fcber die grundlegende Idee einer Differenzierungsmatrix erfahren&#8230; Mehr dar\u00fcber erfahren, wie Materialien und Aufgaben f\u00fcr eine Differenzierungsmatrix konstruiert werden k\u00f6nnen&#8230;<\/p>\n","protected":false},"author":1,"featured_media":0,"parent":0,"menu_order":0,"comment_status":"closed","ping_status":"closed","template":"","meta":[],"_links":{"self":[{"href":"https:\/\/diffmatrix.uni-jena.de\/index.php?rest_route=\/wp\/v2\/pages\/5"}],"collection":[{"href":"https:\/\/diffmatrix.uni-jena.de\/index.php?rest_route=\/wp\/v2\/pages"}],"about":[{"href":"https:\/\/diffmatrix.uni-jena.de\/index.php?rest_route=\/wp\/v2\/types\/page"}],"author":[{"embeddable":true,"href":"https:\/\/diffmatrix.uni-jena.de\/index.php?rest_route=\/wp\/v2\/users\/1"}],"replies":[{"embeddable":true,"href":"https:\/\/diffmatrix.uni-jena.de\/index.php?rest_route=%2Fwp%2Fv2%2Fcomments&post=5"}],"version-history":[{"count":33,"href":"https:\/\/diffmatrix.uni-jena.de\/index.php?rest_route=\/wp\/v2\/pages\/5\/revisions"}],"predecessor-version":[{"id":770,"href":"https:\/\/diffmatrix.uni-jena.de\/index.php?rest_route=\/wp\/v2\/pages\/5\/revisions\/770"}],"wp:attachment":[{"href":"https:\/\/diffmatrix.uni-jena.de\/index.php?rest_route=%2Fwp%2Fv2%2Fmedia&parent=5"}],"curies":[{"name":"wp","href":"https:\/\/api.w.org\/{rel}","templated":true}]}}