{"id":477,"date":"2019-09-23T13:54:57","date_gmt":"2019-09-23T13:54:57","guid":{"rendered":"http:\/\/diffmatrix.uni-jena.de\/?page_id=477"},"modified":"2021-05-27T08:34:07","modified_gmt":"2021-05-27T08:34:07","slug":"erfahrungsberichte","status":"publish","type":"page","link":"https:\/\/diffmatrix.uni-jena.de\/?page_id=477","title":{"rendered":"Erfahrungen"},"content":{"rendered":"\n<div class=\"wp-block-cover has-parallax\" style=\"background-image:url(http:\/\/diffmatrix.uni-jena.de\/wp-content\/uploads\/2019\/09\/2E2E1C89-F033-4F67-AB85-49B37E6A80F2.jpg)\"><div class=\"wp-block-cover__inner-container\">\n<p class=\"has-text-align-center has-large-font-size\"><\/p>\n<\/div><\/div>\n\n\n\n<h4>Digitale Differenzierungsmatrizen werden derzeit an der Friedrich-Schiller Universit\u00e4t Jena erprobt. <\/h4>\n\n\n\n<blockquote class=\"wp-block-quote is-style-default\"><p>Ich fand die Differenzierungsmatrix \u00e4u\u00dferst hilfreich f\u00fcr mein selbstgesteuertes Lernen.<\/p><p>Das Wissen konnte durch die Differenzierungsmatrix selbstst\u00e4ndig \u00fcberpr\u00fcft werden.<\/p><p>Das Vertiefen der Lerninhalte gelingt fantastisch durch Lernmatrix und die Lernvideos.<\/p><cite> Studierende \u00fcber die Vorlesung <a href=\"http:\/\/diffmatrix.uni-jena.de\/wp-content\/uploads\/2020\/04\/Lehrevaluation_VorlesungLES_Dietrich.pdf\">&#8220;Lernen, Entwicklung, Sozialisation&#8221;<\/a><\/cite><\/blockquote>\n\n\n\n<p class=\"has-text-color\" style=\"color:#758fab\">Nach und nach werden an dieser Stelle weitere Erfahrungsberichte mit dem Einsatz in der Lehre erscheinen.<\/p>\n","protected":false},"excerpt":{"rendered":"<p>Digitale Differenzierungsmatrizen werden derzeit an der Friedrich-Schiller Universit\u00e4t Jena erprobt. Ich fand die Differenzierungsmatrix \u00e4u\u00dferst hilfreich f\u00fcr mein selbstgesteuertes Lernen. Das Wissen konnte durch die Differenzierungsmatrix selbstst\u00e4ndig \u00fcberpr\u00fcft werden. Das Vertiefen der Lerninhalte gelingt fantastisch durch Lernmatrix und die Lernvideos. Studierende \u00fcber die Vorlesung &#8220;Lernen, Entwicklung, Sozialisation&#8221; Nach und nach werden an dieser Stelle weitere [&hellip;]<\/p>\n","protected":false},"author":1,"featured_media":0,"parent":0,"menu_order":0,"comment_status":"closed","ping_status":"closed","template":"","meta":[],"_links":{"self":[{"href":"https:\/\/diffmatrix.uni-jena.de\/index.php?rest_route=\/wp\/v2\/pages\/477"}],"collection":[{"href":"https:\/\/diffmatrix.uni-jena.de\/index.php?rest_route=\/wp\/v2\/pages"}],"about":[{"href":"https:\/\/diffmatrix.uni-jena.de\/index.php?rest_route=\/wp\/v2\/types\/page"}],"author":[{"embeddable":true,"href":"https:\/\/diffmatrix.uni-jena.de\/index.php?rest_route=\/wp\/v2\/users\/1"}],"replies":[{"embeddable":true,"href":"https:\/\/diffmatrix.uni-jena.de\/index.php?rest_route=%2Fwp%2Fv2%2Fcomments&post=477"}],"version-history":[{"count":7,"href":"https:\/\/diffmatrix.uni-jena.de\/index.php?rest_route=\/wp\/v2\/pages\/477\/revisions"}],"predecessor-version":[{"id":766,"href":"https:\/\/diffmatrix.uni-jena.de\/index.php?rest_route=\/wp\/v2\/pages\/477\/revisions\/766"}],"wp:attachment":[{"href":"https:\/\/diffmatrix.uni-jena.de\/index.php?rest_route=%2Fwp%2Fv2%2Fmedia&parent=477"}],"curies":[{"name":"wp","href":"https:\/\/api.w.org\/{rel}","templated":true}]}}