{"id":27,"date":"2019-09-04T10:58:27","date_gmt":"2019-09-04T10:58:27","guid":{"rendered":"http:\/\/diffmatrix.uni-jena.de\/?page_id=27"},"modified":"2026-03-06T15:45:26","modified_gmt":"2026-03-06T15:45:26","slug":"kontakt","status":"publish","type":"page","link":"https:\/\/diffmatrix.uni-jena.de\/?page_id=27","title":{"rendered":"Team"},"content":{"rendered":"\n<div class=\"wp-block-cover\"><img loading=\"lazy\" width=\"800\" height=\"460\" class=\"wp-block-cover__image-background wp-image-350\" alt=\"\" src=\"http:\/\/diffmatrix.uni-jena.de\/wp-content\/uploads\/2019\/09\/51B4D3CF-ED15-4356-9BE4-73B1055EE6B6.jpg\" data-object-fit=\"cover\" srcset=\"https:\/\/diffmatrix.uni-jena.de\/wp-content\/uploads\/2019\/09\/51B4D3CF-ED15-4356-9BE4-73B1055EE6B6.jpg 800w, https:\/\/diffmatrix.uni-jena.de\/wp-content\/uploads\/2019\/09\/51B4D3CF-ED15-4356-9BE4-73B1055EE6B6-300x173.jpg 300w, https:\/\/diffmatrix.uni-jena.de\/wp-content\/uploads\/2019\/09\/51B4D3CF-ED15-4356-9BE4-73B1055EE6B6-768x442.jpg 768w, https:\/\/diffmatrix.uni-jena.de\/wp-content\/uploads\/2019\/09\/51B4D3CF-ED15-4356-9BE4-73B1055EE6B6-400x230.jpg 400w\" sizes=\"(max-width: 800px) 100vw, 800px\" \/><div class=\"wp-block-cover__inner-container\">\n<p class=\"has-text-align-center has-large-font-size\"><\/p>\n<\/div><\/div>\n\n\n\n<p><strong>Prof. Dr. Julia Dietrich<\/strong> &#8211; Lehrstuhl Empirische Bildungsforschung \/ Katholische Universit\u00e4t Eichst\u00e4tt<br>Tel.: 08421 \/ 93 21 617<br>E-Mail:\u00a0<a>julia.dietrich@ku.de<\/a><\/p>\n\n\n\n<p><strong>Dorit Weber-Liel<\/strong> &#8211; Lehrstuhl P\u00e4dagogische Psychologie \/ Institut f\u00fcr Erziehungswissenschaft \/ Friedrich-Schiller-Universit\u00e4t Jena<br>Tel.: 03641 \/ 945343<br>E-Mail: <a>dorit.weber-liel@uni-jena.de<\/a><\/p>\n\n\n\n<p><strong>Dr. Franziska Greiner-D\u00f6chert<\/strong> &#8211; Erziehungswissenschaftliche Fakult\u00e4t Universit\u00e4t Leipzig<br>Tel.: 03641 \/ 945340<br>E-Mail: <a>franziska.greiner@uni-leipzig.de<\/a> <\/p>\n\n\n\n<p><strong>Dr. Nicole K\u00e4mpfe<\/strong> &#8211; Lehrstuhl P\u00e4dagogische Psychologie \/ Institut f\u00fcr Erziehungswissenschaft \/ Friedrich-Schiller-Universit\u00e4t Jena<br>Tel.: 03641 \/ 945344<br>E-Mail: <a>nicole.kaempfe@uni-jena.de<\/a> <\/p>\n\n\n\n<p><strong>Prof. Dr. B\u00e4rbel Kracke<\/strong> &#8211; Lehrstuhl P\u00e4dagogische Psychologie \/ Institut f\u00fcr Erziehungswissenschaft \/ Friedrich-Schiller-Universit\u00e4t Jena<br>Tel.: 03641 \/ 945341<br>E-Mail: <a>baerbel.kracke@uni-jena.de<\/a><\/p>\n\n\n\n<h2>F\u00f6rderung<\/h2>\n\n\n\n<p>Die Entwicklung Digitaler Differenzierungsmatrizen wurde durch ein <a rel=\"noreferrer noopener\" href=\"https:\/\/www.stifterverband.org\/digital-lehrfellows-thueringen\/dietrich\" target=\"_blank\">Fellowship f\u00fcr Innovationen in der digitalen Hochschullehre<\/a> des Stifterverbands und des TMWWDG gef\u00f6rdert.<\/p>\n\n\n\n<p>Laufzeit: Jan-Dez 2019<\/p>\n\n\n\n<p>Die Entwicklung Digitaler Differenzierungsmatrizen wird durch das Projekt <a href=\"https:\/\/www.profjl.uni-jena.de\/Teilvorhaben\/Inklusion+%28Isi%29.html\">Inklusion systematisch implementieren<\/a> unterst\u00fctzt, das im Rahmen der gemeinsamen Qualit\u00e4tsoffensive Lehrerbildung von Bund und L\u00e4ndern aus Mitteln des Bundesministeriums f\u00fcr Bildung und Forschung (BMBF)&nbsp;gef\u00f6rdert wird.<\/p>\n\n\n\n<p>Laufzeit: 2019 bis\n2023<\/p>\n","protected":false},"excerpt":{"rendered":"<p>Prof. Dr. Julia Dietrich &#8211; Lehrstuhl Empirische Bildungsforschung \/ Katholische Universit\u00e4t Eichst\u00e4ttTel.: 08421 \/ 93 21 617E-Mail:\u00a0julia.dietrich@ku.de Dorit Weber-Liel &#8211; Lehrstuhl P\u00e4dagogische Psychologie \/ Institut f\u00fcr Erziehungswissenschaft \/ Friedrich-Schiller-Universit\u00e4t JenaTel.: 03641 \/ 945343E-Mail: dorit.weber-liel@uni-jena.de Dr. Franziska Greiner-D\u00f6chert &#8211; Erziehungswissenschaftliche Fakult\u00e4t Universit\u00e4t LeipzigTel.: 03641 \/ 945340E-Mail: franziska.greiner@uni-leipzig.de Dr. Nicole K\u00e4mpfe &#8211; Lehrstuhl P\u00e4dagogische Psychologie \/ Institut [&hellip;]<\/p>\n","protected":false},"author":1,"featured_media":0,"parent":0,"menu_order":0,"comment_status":"closed","ping_status":"closed","template":"","meta":[],"_links":{"self":[{"href":"https:\/\/diffmatrix.uni-jena.de\/index.php?rest_route=\/wp\/v2\/pages\/27"}],"collection":[{"href":"https:\/\/diffmatrix.uni-jena.de\/index.php?rest_route=\/wp\/v2\/pages"}],"about":[{"href":"https:\/\/diffmatrix.uni-jena.de\/index.php?rest_route=\/wp\/v2\/types\/page"}],"author":[{"embeddable":true,"href":"https:\/\/diffmatrix.uni-jena.de\/index.php?rest_route=\/wp\/v2\/users\/1"}],"replies":[{"embeddable":true,"href":"https:\/\/diffmatrix.uni-jena.de\/index.php?rest_route=%2Fwp%2Fv2%2Fcomments&post=27"}],"version-history":[{"count":19,"href":"https:\/\/diffmatrix.uni-jena.de\/index.php?rest_route=\/wp\/v2\/pages\/27\/revisions"}],"predecessor-version":[{"id":882,"href":"https:\/\/diffmatrix.uni-jena.de\/index.php?rest_route=\/wp\/v2\/pages\/27\/revisions\/882"}],"wp:attachment":[{"href":"https:\/\/diffmatrix.uni-jena.de\/index.php?rest_route=%2Fwp%2Fv2%2Fmedia&parent=27"}],"curies":[{"name":"wp","href":"https:\/\/api.w.org\/{rel}","templated":true}]}}